{"id":482,"date":"2015-11-02T14:22:58","date_gmt":"2015-11-02T13:22:58","guid":{"rendered":"http:\/\/www.concepto.consulting\/?page_id=482"},"modified":"2025-12-22T13:21:00","modified_gmt":"2025-12-22T12:21:00","slug":"prestations-de-service","status":"publish","type":"page","link":"https:\/\/www.concepto.consulting\/index.php\/prestations-de-service\/?lang=fr","title":{"rendered":"Prestations de Service"},"content":{"rendered":"<p>Vous \u00eates<img loading=\"lazy\" decoding=\"async\" class=\"wp-image-604 size-medium alignright\" src=\"http:\/\/www.concepto.consulting\/wp-content\/uploads\/2018\/10\/traversee-300x197.jpg\" alt=\"\" width=\"300\" height=\"197\" srcset=\"https:\/\/www.concepto.consulting\/wp-content\/uploads\/2018\/10\/traversee-300x197.jpg 300w, https:\/\/www.concepto.consulting\/wp-content\/uploads\/2018\/10\/traversee-768x504.jpg 768w, https:\/\/www.concepto.consulting\/wp-content\/uploads\/2018\/10\/traversee.jpg 970w\" sizes=\"(max-width: 300px) 100vw, 300px\" \/><\/p>\n<p><strong>&#8211; Bureau d&rsquo;\u00e9tudes, <\/strong><\/p>\n<p><strong>&#8211; Prestataire de services<\/strong><\/p>\n<p><strong>&#8211; Prescripteur technique pour un organisme priv\u00e9 ou public<\/strong><\/p>\n<p>&nbsp;<\/p>\n<p>Contactez CONCEPT&rsquo;O SAS pour<\/p>\n<p>Etude sur site<\/p>\n<p>Etude de faisabilit\u00e9 et chiffrage travaux<\/p>\n<p>Pr\u00e9dimensionnement<\/p>\n<p>R\u00e9daction de cahier des charges<\/p>\n<p>Formation ou mise en relation avec prestataires sp\u00e9cialis\u00e9s ou fournisseurs de solutions sans tranch\u00e9es<\/p>\n<p>&nbsp;<\/p>\n<p>A titre de proposition standard, Concept&rsquo;o propose les 3 types de prestation suivantes:<\/p>\n<p><a href=\"http:\/\/www.concepto.consulting\/index.php\/1576-2\/\">Offre \u201cDiagnostic Expert\u201d <\/a><\/p>\n<p><a href=\"http:\/\/www.concepto.consulting\/index.php\/1579-2\/\">Offre \u201c\u00c9tude Expert Compl\u00e8te\u201d<\/a><\/p>\n<p><a href=\"http:\/\/www.concepto.consulting\/index.php\/1582-2\/\">Offre \u201cAMO Premium Risques &amp; M\u00e9thodes\u201d<\/a><\/p>\n<p>&nbsp;<\/p>","protected":false},"excerpt":{"rendered":"<p>Vous \u00eates &#8211; Bureau d&rsquo;\u00e9tudes, &#8211; Prestataire de services &#8211; Prescripteur technique pour un organisme priv\u00e9 ou public &nbsp; Contactez CONCEPT&rsquo;O SAS pour Etude sur site Etude de faisabilit\u00e9 et chiffrage travaux Pr\u00e9dimensionnement R\u00e9daction de cahier des charges Formation ou mise en relation avec prestataires sp\u00e9cialis\u00e9s ou fournisseurs de solutions sans tranch\u00e9es &nbsp; A titre [&hellip;]<\/p>\n","protected":false},"author":1,"featured_media":0,"parent":0,"menu_order":0,"comment_status":"closed","ping_status":"closed","template":"","meta":{"_exactmetrics_skip_tracking":false,"_exactmetrics_sitenote_active":false,"_exactmetrics_sitenote_note":"","_exactmetrics_sitenote_category":0,"_monsterinsights_skip_tracking":false,"_monsterinsights_sitenote_active":false,"_monsterinsights_sitenote_note":"","_monsterinsights_sitenote_category":0,"footnotes":""},"_links":{"self":[{"href":"https:\/\/www.concepto.consulting\/index.php\/wp-json\/wp\/v2\/pages\/482"}],"collection":[{"href":"https:\/\/www.concepto.consulting\/index.php\/wp-json\/wp\/v2\/pages"}],"about":[{"href":"https:\/\/www.concepto.consulting\/index.php\/wp-json\/wp\/v2\/types\/page"}],"author":[{"embeddable":true,"href":"https:\/\/www.concepto.consulting\/index.php\/wp-json\/wp\/v2\/users\/1"}],"replies":[{"embeddable":true,"href":"https:\/\/www.concepto.consulting\/index.php\/wp-json\/wp\/v2\/comments?post=482"}],"version-history":[{"count":6,"href":"https:\/\/www.concepto.consulting\/index.php\/wp-json\/wp\/v2\/pages\/482\/revisions"}],"predecessor-version":[{"id":1589,"href":"https:\/\/www.concepto.consulting\/index.php\/wp-json\/wp\/v2\/pages\/482\/revisions\/1589"}],"wp:attachment":[{"href":"https:\/\/www.concepto.consulting\/index.php\/wp-json\/wp\/v2\/media?parent=482"}],"curies":[{"name":"wp","href":"https:\/\/api.w.org\/{rel}","templated":true}]}}