{"id":477,"date":"2015-11-02T11:40:26","date_gmt":"2015-11-02T10:40:26","guid":{"rendered":"http:\/\/www.concepto.consulting\/?page_id=477"},"modified":"2022-10-27T14:20:24","modified_gmt":"2022-10-27T13:20:24","slug":"ingenierie-conseil-2","status":"publish","type":"page","link":"https:\/\/www.concepto.consulting\/index.php\/ingenierie-conseil-2\/?lang=fr","title":{"rendered":"Expertise"},"content":{"rendered":"<div data-colibri-id=\"477-c1\" class=\"style-393 style-local-477-c1 position-relative\">\n  <!---->\n  <div data-colibri-component=\"section\" data-colibri-id=\"477-c2\" id=\"initial-content\" class=\"h-section h-section-global-spacing d-flex align-items-lg-center align-items-md-center align-items-center style-394 style-local-477-c2 position-relative\">\n    <!---->\n    <!---->\n    <div class=\"h-section-grid-container h-section-boxed-container\">\n      <!---->\n      <div data-colibri-id=\"477-c3\" class=\"h-row-container gutters-row-lg-2 gutters-row-md-2 gutters-row-0 gutters-row-v-lg-2 gutters-row-v-md-2 gutters-row-v-2 style-395 style-local-477-c3 position-relative\">\n        <!---->\n        <div class=\"h-row justify-content-lg-center justify-content-md-center justify-content-center align-items-lg-stretch align-items-md-stretch align-items-stretch gutters-col-lg-2 gutters-col-md-2 gutters-col-0 gutters-col-v-lg-2 gutters-col-v-md-2 gutters-col-v-2\">\n          <!---->\n          <div class=\"h-column h-column-container d-flex h-col-lg-auto h-col-md-auto h-col-auto style-396-outer style-local-477-c4-outer\">\n            <div data-colibri-id=\"477-c4\" class=\"d-flex h-flex-basis h-column__inner h-px-lg-2 h-px-md-2 h-px-2 v-inner-lg-2 v-inner-md-2 v-inner-2 style-396 style-local-477-c4 position-relative\">\n              <!---->\n              <!---->\n              <div class=\"w-100 h-y-container h-column__content h-column__v-align flex-basis-100 align-self-lg-start align-self-md-start align-self-start\">\n                <!---->\n                <div data-colibri-id=\"477-c5\" class=\"style-397 style-local-477-c5 position-relative h-element\">\n                  <!---->\n                  <div>\n                    <img loading=\"lazy\" decoding=\"async\" class=\"alignright size-medium wp-image-602\" src=\"http:\/\/www.concepto.consulting\/wp-content\/uploads\/2018\/10\/SequenceMethodoPartie3-07-300x117.png\" alt=\"\" width=\"300\" height=\"117\" srcset=\"https:\/\/www.concepto.consulting\/wp-content\/uploads\/2018\/10\/SequenceMethodoPartie3-07-300x117.png 300w, https:\/\/www.concepto.consulting\/wp-content\/uploads\/2018\/10\/SequenceMethodoPartie3-07-768x298.png 768w, https:\/\/www.concepto.consulting\/wp-content\/uploads\/2018\/10\/SequenceMethodoPartie3-07-1024x398.png 1024w, https:\/\/www.concepto.consulting\/wp-content\/uploads\/2018\/10\/SequenceMethodoPartie3-07.png 1573w\" sizes=\"(max-width: 300px) 100vw, 300px\" \/>Le domaine d&rsquo;expertise de CONCEPT&rsquo;O c&rsquo;est en premier lieu: <strong>travaux sans tranch\u00e9es<\/strong>. Un domaine, o\u00f9 se m\u00ealent l&rsquo;esprit d&rsquo;\u00e9quipe,&nbsp; la force de l&rsquo;humain, les d\u00e9fis technologiques et le sens des responsabilit\u00e9s. Des\n                    connaissances en G\u00e9otechnique, en Ing\u00e9nierie de la construction , en M\u00e9canique, en Sciences de l&rsquo;environnement et en Gestion de projet sont indispensables. L&rsquo;expertise propos\u00e9e se d\u00e9cline \u00e0 diff\u00e9rents stades du projet: EN PHASE AMONT:\n                    <ul>\n                      <li>Aider \u00e0 formuler ou d\u00e9finir le Besoin<\/li>\n                      <li>Etude de faisabilit\u00e9<\/li>\n                      <li>Evaluation couts\/d\u00e9lais<\/li>\n                      <li>Etude d&rsquo;impact \/ Etude de risque<\/li>\n                      <li>Programme d&rsquo;op\u00e9ration<\/li>\n                      <li>Proposer une approche contractuelle<\/li>\n                    <\/ul>\n                    EN PHASE PROJET\n                    <ul>\n                      <li>D\u00e9finir les crit\u00e8res de recevabilit\u00e9 des acteurs de la construction<\/li>\n                      <li>R\u00e9diger ou v\u00e9rifier les documents du cahier des charges \/ Appels d&rsquo;Offres<\/li>\n                      <li>Analyser les Offres, proposer un adjudicataire, r\u00e9diger le contrat d\u00e9finitif<\/li>\n                      <li>suivre les travaux, contr\u00f4ler et valider la r\u00e9ception.<\/li>\n                    <\/ul>\n                    Les travaux sans tranch\u00e9es concernent aussi bien les travaux neufs (Microtunnelier, Fon\u00e7age, Forage dirig\u00e9, Pousse tube, fus\u00e9e, \u2026) que les travaux de r\u00e9habilitation (Eclatement, chemisage, tubage, robots multifonction. )\n                    <p style=\"text-align: center;\">\n        <div class=\"modelViewerBlock\" data-attributes='{&quot;align&quot;:&quot;center&quot;,&quot;uniqueId&quot;:&quot;model1309&quot;,&quot;currentViewer&quot;:&quot;modelViewer&quot;,&quot;multiple&quot;:false,&quot;O3DVSettings&quot;:{&quot;isFullscreen&quot;:true,&quot;isPagination&quot;:false,&quot;isNavigation&quot;:false,&quot;camera&quot;:null,&quot;mouseControl&quot;:true},&quot;environmentImage&quot;:null,&quot;lazyLoad&quot;:false,&quot;loading&quot;:&quot;auto&quot;,&quot;autoplay&quot;:false,&quot;shadow&quot;:&quot;1&quot;,&quot;autoRotate&quot;:true,&quot;zoomLevel&quot;:null,&quot;zoom&quot;:true,&quot;isPagination&quot;:false,&quot;isNavigation&quot;:false,&quot;hotspotStyle&quot;:&quot;style-1&quot;,&quot;preload&quot;:&quot;auto&quot;,&quot;rotationPerSecond&quot;:&quot;30&quot;,&quot;mouseControl&quot;:true,&quot;lockXAxisRotation&quot;:false,&quot;lockYAxisRotation&quot;:false,&quot;fullscreen&quot;:true,&quot;zoomInOutBtn&quot;:false,&quot;cameraBtn&quot;:false,&quot;variant&quot;:false,&quot;loadingPercentage&quot;:false,&quot;progressBar&quot;:true,&quot;rotate&quot;:false,&quot;rotateAlongX&quot;:&quot;0&quot;,&quot;rotateAlongY&quot;:&quot;75&quot;,&quot;exposure&quot;:null,&quot;stylesheet&quot;:null,&quot;additional&quot;:{&quot;ID&quot;:&quot;&quot;,&quot;Class&quot;:&quot;&quot;,&quot;CSS&quot;:null},&quot;animation&quot;:false,&quot;woo&quot;:false,&quot;selectedAnimation&quot;:&quot;&quot;,&quot;placement&quot;:&quot;shortcode&quot;,&quot;styles&quot;:{&quot;width&quot;:&quot;100%&quot;,&quot;height&quot;:&quot;320px&quot;,&quot;bgColor&quot;:&quot;transparent&quot;,&quot;progressBarColor&quot;:null},&quot;model&quot;:{&quot;modelUrl&quot;:&quot;http:\\\/\\\/www.concepto.consulting\\\/wp-content\\\/uploads\\\/2022\\\/10\\\/etude.glb&quot;,&quot;poster&quot;:&quot;&quot;},&quot;models&quot;:[]}'><\/div>\n\n<\/p>\n                    CONCEPT&rsquo;O suit de tr\u00e8s pr\u00e8s toute l&rsquo;actualit\u00e9 des travaux de mise en oeuvre de r\u00e9seau. Par une veille constante aupr\u00e8s des collectivit\u00e9s, CONCEPT&rsquo;O entretient des relations r\u00e9guli\u00e8res avec des Bureaux d&rsquo;Etudes Techniques, des cabinets d&rsquo;experts en g\u00e9otechnique,\n                    des fournisseurs de mat\u00e9riel, ou tout autre entit\u00e9s qui font vivre le dynamisme de ce secteur d&rsquo;activit\u00e9 et est membre de divers\n                    <a href=\"http:\/\/www.concepto.consulting\/?p=513\" target=\"_blank\" rel=\"noopener noreferrer\">r\u00e9seaux professionnels<\/a>\n\n                    CONCEPT&rsquo;O am\u00e8ne un regard exp\u00e9riment\u00e9 sur vos projets, et s&rsquo;engage \u00e0 apporter, en toute ind\u00e9pendance, un avis pertinent et constructif sur les probl\u00e8mes techniques, contractuels ou financiers , qui &nbsp;pars\u00e8ment le parcours d&rsquo;un projet, depuis sa gen\u00e8se\n                    jusqu&rsquo;\u00e0 son accomplissement, et bien apr\u00e8s encore, pendant le long de la vie de l&rsquo;ouvrage. &nbsp;\n\n                    <img loading=\"lazy\" decoding=\"async\" class=\"alignleft size-full wp-image-1326\" src=\"http:\/\/www.concepto.consulting\/wp-content\/uploads\/2022\/10\/valeursconcepto-scaled.jpg\" alt=\"\" width=\"2560\" height=\"1811\" srcset=\"https:\/\/www.concepto.consulting\/wp-content\/uploads\/2022\/10\/valeursconcepto-scaled.jpg 2560w, https:\/\/www.concepto.consulting\/wp-content\/uploads\/2022\/10\/valeursconcepto-300x212.jpg 300w, https:\/\/www.concepto.consulting\/wp-content\/uploads\/2022\/10\/valeursconcepto-1024x724.jpg 1024w, https:\/\/www.concepto.consulting\/wp-content\/uploads\/2022\/10\/valeursconcepto-768x543.jpg 768w, https:\/\/www.concepto.consulting\/wp-content\/uploads\/2022\/10\/valeursconcepto-1536x1086.jpg 1536w, https:\/\/www.concepto.consulting\/wp-content\/uploads\/2022\/10\/valeursconcepto-2048x1448.jpg 2048w\" sizes=\"(max-width: 2560px) 100vw, 2560px\" \/> &nbsp; &nbsp;<\/div>\n                <\/div>\n              <\/div>\n            <\/div>\n          <\/div>\n        <\/div>\n      <\/div>\n    <\/div>\n  <\/div>\n  <div data-colibri-component=\"section\" data-colibri-id=\"477-c6\" id=\"custom\" class=\"h-section h-section-global-spacing d-flex align-items-lg-center align-items-md-center align-items-center style-398 style-local-477-c6 position-relative\">\n    <!---->\n    <!---->\n    <div class=\"h-section-grid-container h-section-boxed-container\">\n      <!---->\n      <div data-colibri-id=\"477-c7\" class=\"h-row-container gutters-row-lg-2 gutters-row-md-2 gutters-row-0 gutters-row-v-lg-2 gutters-row-v-md-2 gutters-row-v-2 style-399 style-local-477-c7 position-relative\">\n        <!---->\n        <div class=\"h-row justify-content-lg-center justify-content-md-center justify-content-center align-items-lg-stretch align-items-md-stretch align-items-stretch gutters-col-lg-2 gutters-col-md-2 gutters-col-0 gutters-col-v-lg-2 gutters-col-v-md-2 gutters-col-v-2\">\n          <!---->\n          <div class=\"h-column h-column-container d-flex h-col-lg-auto h-col-md-auto h-col-auto style-400-outer style-local-477-c8-outer\">\n            <div data-colibri-id=\"477-c8\" class=\"d-flex h-flex-basis h-column__inner h-ui-empty-state-container h-px-lg-2 h-px-md-2 h-px-2 v-inner-lg-2 v-inner-md-2 v-inner-2 style-400 style-local-477-c8 position-relative\">\n              <!---->\n              <!---->\n              <div class=\"w-100 h-y-container h-column__content h-column__v-align flex-basis-100\">\n                <!---->\n              <\/div>\n            <\/div>\n          <\/div>\n        <\/div>\n      <\/div>\n    <\/div>\n  <\/div>\n<\/div>","protected":false},"excerpt":{"rendered":"<p>Le domaine d&rsquo;expertise de CONCEPT&rsquo;O c&rsquo;est en premier lieu: travaux sans tranch\u00e9es. Un domaine, o\u00f9 se m\u00ealent l&rsquo;esprit d&rsquo;\u00e9quipe,&nbsp; la force de l&rsquo;humain, les d\u00e9fis technologiques et le sens des responsabilit\u00e9s. Des connaissances en G\u00e9otechnique, en Ing\u00e9nierie de la construction , en M\u00e9canique, en Sciences de l&rsquo;environnement et en Gestion de projet sont indispensables. L&rsquo;expertise [&hellip;]<\/p>\n","protected":false},"author":1,"featured_media":0,"parent":0,"menu_order":4,"comment_status":"closed","ping_status":"closed","template":"page-templates\/full-width-page.php","meta":{"_exactmetrics_skip_tracking":false,"_exactmetrics_sitenote_active":false,"_exactmetrics_sitenote_note":"","_exactmetrics_sitenote_category":0,"_monsterinsights_skip_tracking":false,"_monsterinsights_sitenote_active":false,"_monsterinsights_sitenote_note":"","_monsterinsights_sitenote_category":0,"footnotes":""},"_links":{"self":[{"href":"https:\/\/www.concepto.consulting\/index.php\/wp-json\/wp\/v2\/pages\/477"}],"collection":[{"href":"https:\/\/www.concepto.consulting\/index.php\/wp-json\/wp\/v2\/pages"}],"about":[{"href":"https:\/\/www.concepto.consulting\/index.php\/wp-json\/wp\/v2\/types\/page"}],"author":[{"embeddable":true,"href":"https:\/\/www.concepto.consulting\/index.php\/wp-json\/wp\/v2\/users\/1"}],"replies":[{"embeddable":true,"href":"https:\/\/www.concepto.consulting\/index.php\/wp-json\/wp\/v2\/comments?post=477"}],"version-history":[{"count":20,"href":"https:\/\/www.concepto.consulting\/index.php\/wp-json\/wp\/v2\/pages\/477\/revisions"}],"predecessor-version":[{"id":1452,"href":"https:\/\/www.concepto.consulting\/index.php\/wp-json\/wp\/v2\/pages\/477\/revisions\/1452"}],"wp:attachment":[{"href":"https:\/\/www.concepto.consulting\/index.php\/wp-json\/wp\/v2\/media?parent=477"}],"curies":[{"name":"wp","href":"https:\/\/api.w.org\/{rel}","templated":true}]}}