{"id":473,"date":"2015-11-02T11:21:42","date_gmt":"2015-11-02T10:21:42","guid":{"rendered":"http:\/\/www.concepto.consulting\/?page_id=473"},"modified":"2021-10-04T11:02:09","modified_gmt":"2021-10-04T09:02:09","slug":"assainissement","status":"publish","type":"page","link":"https:\/\/www.concepto.consulting\/index.php\/assainissement\/?lang=fr","title":{"rendered":"Assainissement"},"content":{"rendered":"<p><img loading=\"lazy\" decoding=\"async\" class=\"alignright size-medium wp-image-417\" src=\"http:\/\/www.concepto.consulting\/wp-content\/uploads\/2015\/10\/egouts-scan-200x300.jpg\" alt=\"\" width=\"200\" height=\"300\" srcset=\"https:\/\/www.concepto.consulting\/wp-content\/uploads\/2015\/10\/egouts-scan-200x300.jpg 200w, https:\/\/www.concepto.consulting\/wp-content\/uploads\/2015\/10\/egouts-scan-682x1024.jpg 682w, https:\/\/www.concepto.consulting\/wp-content\/uploads\/2015\/10\/egouts-scan.jpg 797w\" sizes=\"(max-width: 200px) 100vw, 200px\" \/>[wowslider id=\u00a0\u00bb10&Prime;]<\/p>\n<p>Vous \u00eates :<\/p>\n<p><strong>&#8211; Collectivit\u00e9s de communes avec comp\u00e9tence pour l&rsquo;eau<\/strong><\/p>\n<p><strong>&#8211; Commune, Syndicat intercommunal<\/strong><\/p>\n<p><strong>&#8211; Exploitant ou gestionnaire de r\u00e9seau d&rsquo;eau potable<\/strong><\/p>\n<p><strong>&#8211; Op\u00e9rateur priv\u00e9 ou semi-public<\/strong><\/p>\n<p><strong><strong>&#8211; Particulier, Am\u00e9nageur, Op\u00e9rateur foncier<\/strong><\/strong><\/p>\n<p>&nbsp;<\/p>\n<p>Contactez CONCEPT&rsquo;O SAS pour une \u00e9tude de faisabilit\u00e9, chiffrage ou r\u00e9daction de cahiers des charges.<\/p>\n<p><!--more--><b><\/b><i><\/i><u><\/u><\/p>\n<p>D\u00e9finition des besoins, en nature et en volumes<\/p>\n<p>D\u00e9composition d&rsquo;un programme en lots techniques et phases d&rsquo;operations (Coupures d&rsquo;exploitation, zonages, planification de travaux et de d\u00e9rivations, essais, r\u00e9ception, remise en service)<\/p>\n<p>Redaction ou relecture du cahier des charges et validation des objectifs et besoins exprim\u00e9s<\/p>\n<p>D\u00e9termination du mode de passation de march\u00e9s<\/p>\n<p>Assistance \u00e0 la passation de march\u00e9s, analyse des offres ( Maitrise d&rsquo;oeuvre\/ conception , ou march\u00e9s de travaux) en toute ind\u00e9pendance<\/p>\n<p>Suivi et encadrement des prestations ( avancements des livrables d&rsquo;\u00e9tudes ou des travaux, validation et suivi des paiements)<\/p>\n<p>verification de la prise en compte des contraintes r\u00e9glementaires<\/p>\n<p>Dossier d&rsquo;exploitation et maintenance<\/p>\n<p>Option: Utilisation de modeles BIM , ou BIM-compatibles ( Building information Modeling)<\/p>\n<p>&nbsp;<\/p>","protected":false},"excerpt":{"rendered":"<p>[wowslider id=\u00a0\u00bb10&Prime;] Vous \u00eates : &#8211; Collectivit\u00e9s de communes avec comp\u00e9tence pour l&rsquo;eau &#8211; Commune, Syndicat intercommunal &#8211; Exploitant ou gestionnaire de r\u00e9seau d&rsquo;eau potable &#8211; Op\u00e9rateur priv\u00e9 ou semi-public &#8211; Particulier, Am\u00e9nageur, Op\u00e9rateur foncier &nbsp; Contactez CONCEPT&rsquo;O SAS pour une \u00e9tude de faisabilit\u00e9, chiffrage ou r\u00e9daction de cahiers des charges.<\/p>\n","protected":false},"author":1,"featured_media":0,"parent":0,"menu_order":0,"comment_status":"closed","ping_status":"closed","template":"","meta":{"_exactmetrics_skip_tracking":false,"_exactmetrics_sitenote_active":false,"_exactmetrics_sitenote_note":"","_exactmetrics_sitenote_category":0,"_monsterinsights_skip_tracking":false,"_monsterinsights_sitenote_active":false,"_monsterinsights_sitenote_note":"","_monsterinsights_sitenote_category":0,"footnotes":""},"_links":{"self":[{"href":"https:\/\/www.concepto.consulting\/index.php\/wp-json\/wp\/v2\/pages\/473"}],"collection":[{"href":"https:\/\/www.concepto.consulting\/index.php\/wp-json\/wp\/v2\/pages"}],"about":[{"href":"https:\/\/www.concepto.consulting\/index.php\/wp-json\/wp\/v2\/types\/page"}],"author":[{"embeddable":true,"href":"https:\/\/www.concepto.consulting\/index.php\/wp-json\/wp\/v2\/users\/1"}],"replies":[{"embeddable":true,"href":"https:\/\/www.concepto.consulting\/index.php\/wp-json\/wp\/v2\/comments?post=473"}],"version-history":[{"count":12,"href":"https:\/\/www.concepto.consulting\/index.php\/wp-json\/wp\/v2\/pages\/473\/revisions"}],"predecessor-version":[{"id":761,"href":"https:\/\/www.concepto.consulting\/index.php\/wp-json\/wp\/v2\/pages\/473\/revisions\/761"}],"wp:attachment":[{"href":"https:\/\/www.concepto.consulting\/index.php\/wp-json\/wp\/v2\/media?parent=473"}],"curies":[{"name":"wp","href":"https:\/\/api.w.org\/{rel}","templated":true}]}}