{"id":435,"date":"2015-10-30T15:52:01","date_gmt":"2015-10-30T14:52:01","guid":{"rendered":"http:\/\/www.concepto.consulting\/?page_id=435"},"modified":"2021-10-20T18:16:57","modified_gmt":"2021-10-20T16:16:57","slug":"travaux-fluviaux","status":"publish","type":"page","link":"https:\/\/www.concepto.consulting\/index.php\/travaux-fluviaux\/?lang=fr","title":{"rendered":"R\u00e9seaux de gaz"},"content":{"rendered":"<p><\/p>\n<div class=\"jsn-bootstrap3\">\n<div id=\"DtIzaJ\" class=\"row \" style=\"padding: 10px;\">\n<div class=\"col-md-12 col-sm-12 col-xs-12 \">\n<div class=\"jsn-bootstrap3 wr-element-container wr-element-carousel\" style=\"margin-bottom: 25px;\">\n<div id=\"carousel_40bHtT\" class=\"carousel slide\" style=\"width: 800px; height: 400px; margin: 0 auto;\">\n<div class=\"carousel-inner\">\n<div class=\"active item\"><div id=\"metaslider-id-795\" style=\"width: 100%; margin: 0 auto;\" class=\"ml-slider-3-104-0 metaslider metaslider-flex metaslider-795 ml-slider has-dots-nav has-carousel-mode ms-theme-default\" role=\"region\" aria-label=\"Projet Gazoduc - forage dirig\u00e9\" data-height=\"300\" data-width=\"700\">\n    <div id=\"metaslider_container_795\">\n        <div id=\"metaslider_795\">\n            <ul class='slides'>\n                <li style=\"display: none; width: 100%;\" class=\"slide-807 ms-image \" aria-roledescription=\"slide\" data-date=\"2021-10-20 14:16:26\" data-filename=\"IMG-20210506-WA0003-700x300.jpg\" data-slide-type=\"image\"><img loading=\"lazy\" decoding=\"async\" src=\"https:\/\/www.concepto.consulting\/wp-content\/uploads\/2021\/10\/IMG-20210506-WA0003-700x300.jpg\" height=\"300\" width=\"700\" alt=\"\" class=\"slider-795 slide-807 msDefaultImage\" title=\"concepto- chainette\" \/><div class=\"caption-wrap\"><div class=\"caption\">cat\u00e9naire mise en oeuvre pour l'insertion du tube Acier <\/div><\/div><\/li>\n                <li style=\"display: none; width: 100%;\" class=\"slide-803 ms-image \" aria-roledescription=\"slide\" data-date=\"2021-10-20 14:10:34\" data-filename=\"20201023_090723-001-700x300.jpg\" data-slide-type=\"image\"><img loading=\"lazy\" decoding=\"async\" src=\"https:\/\/www.concepto.consulting\/wp-content\/uploads\/2021\/10\/20201023_090723-001-700x300.jpg\" height=\"300\" width=\"700\" alt=\"sludge management\" class=\"slider-795 slide-803 msDefaultImage\" title=\"concepto- gestion des boues\" \/><div class=\"caption-wrap\"><div class=\"caption\">gestion des d\u00e9blais\/cuttings - essais laboratoire avant \u00e9vacuation en fili\u00e8re agr\u00e9e<\/div><\/div><\/li>\n                <li style=\"display: none; width: 100%;\" class=\"slide-798 ms-image \" aria-roledescription=\"slide\" data-date=\"2021-10-20 13:57:21\" data-filename=\"20210415_200938-001-700x300.jpg\" data-slide-type=\"image\"><img loading=\"lazy\" decoding=\"async\" src=\"https:\/\/www.concepto.consulting\/wp-content\/uploads\/2021\/10\/20210415_200938-001-700x300.jpg\" height=\"300\" width=\"700\" alt=\"\" class=\"slider-795 slide-798 msDefaultImage\" title=\"concepto- tirage\" \/><div class=\"caption-wrap\"><div class=\"caption\">fin de tirage - 1200 ml DN 500 mm  acier <\/div><\/div><\/li>\n                <li style=\"display: none; width: 100%;\" class=\"slide-796 ms-image \" aria-roledescription=\"slide\" data-date=\"2021-10-20 13:57:21\" data-filename=\"20210209_113136-001-700x300.jpg\" data-slide-type=\"image\"><img loading=\"lazy\" decoding=\"async\" src=\"https:\/\/www.concepto.consulting\/wp-content\/uploads\/2021\/10\/20210209_113136-001-700x300.jpg\" height=\"300\" width=\"700\" alt=\"\" class=\"slider-795 slide-796 msDefaultImage\" title=\"concepto_hdd\" \/><div class=\"caption-wrap\"><div class=\"caption\">forage dirig\u00e9 - manipulation des barres de forage sans danger<\/div><\/div><\/li>\n                <li style=\"display: none; width: 100%;\" class=\"slide-809 ms-image \" aria-roledescription=\"slide\" data-date=\"2021-10-20 14:18:13\" data-filename=\"20210506_184249-700x300.jpg\" data-slide-type=\"image\"><img loading=\"lazy\" decoding=\"async\" src=\"https:\/\/www.concepto.consulting\/wp-content\/uploads\/2021\/10\/20210506_184249-700x300.jpg\" height=\"300\" width=\"700\" alt=\"\" class=\"slider-795 slide-809 msDefaultImage\" title=\"20210506_184249\" \/><\/li>\n                <li style=\"display: none; width: 100%;\" class=\"slide-797 ms-image \" aria-roledescription=\"slide\" data-date=\"2021-10-20 13:57:21\" data-filename=\"IMG-20210415-WA0003-2-700x300.jpg\" data-slide-type=\"image\"><img loading=\"lazy\" decoding=\"async\" src=\"https:\/\/www.concepto.consulting\/wp-content\/uploads\/2021\/10\/IMG-20210415-WA0003-2-700x300.jpg\" height=\"300\" width=\"700\" alt=\"\" class=\"slider-795 slide-797 msDefaultImage\" title=\"concepto-insertion\" \/><div class=\"caption-wrap\"><div class=\"caption\">insertion Canalisation DN500 mm - sur 1200 m l<\/div><\/div><\/li>\n                <li style=\"display: none; width: 100%;\" class=\"slide-820 ms-image \" aria-roledescription=\"slide\" data-date=\"2021-10-20 14:58:48\" data-filename=\"SU-MODOPCat-04-d-700x300.jpg\" data-slide-type=\"image\"><img loading=\"lazy\" decoding=\"async\" src=\"https:\/\/www.concepto.consulting\/wp-content\/uploads\/2021\/10\/SU-MODOPCat-04-d-700x300.jpg\" height=\"300\" width=\"700\" alt=\"\" class=\"slider-795 slide-820 msDefaultImage\" title=\"SU MODOPCat 04 d\" \/><\/li>\n            <\/ul>\n        <\/div>\n        \n    <\/div>\n<\/div><\/div>\n<div class=\" item\"><\/div>\n<div>CONCEPT&rsquo;O participe aux op\u00e9rations de forage dirig\u00e9 les plus embl\u00e9matiques des projets structurants actuels:<\/div>\n<div><\/div>\n<div><strong>&#8211; GRT-Gaz\u00a0 &#8211; Renforcement Ligne Bretagne (2019-2022)<\/strong><\/div>\n<div><\/div>\n<div>** Forage dirig\u00e9 1200 ml, canalisation Acier (gazoduc DN 500) , sol granitique &#8211;<\/div>\n<div>** Forage dirig\u00e9 600 ml, canalisation acier (gazoduc DN400), sol Schisteux<\/div>\n<div><\/div>\n<\/div>\n<\/div>\n<\/div>\n<\/div>\n<\/div>\n<\/div>\n<p><\/p>","protected":false},"excerpt":{"rendered":"<p>CONCEPT&rsquo;O participe aux op\u00e9rations de forage dirig\u00e9 les plus embl\u00e9matiques des projets structurants actuels: &#8211; GRT-Gaz\u00a0 &#8211; Renforcement Ligne Bretagne (2019-2022) ** Forage dirig\u00e9 1200 ml, canalisation Acier (gazoduc DN 500) , sol granitique &#8211; ** Forage dirig\u00e9 600 ml, canalisation acier (gazoduc DN400), sol Schisteux<\/p>\n","protected":false},"author":1,"featured_media":0,"parent":0,"menu_order":0,"comment_status":"closed","ping_status":"closed","template":"","meta":{"_exactmetrics_skip_tracking":false,"_exactmetrics_sitenote_active":false,"_exactmetrics_sitenote_note":"","_exactmetrics_sitenote_category":0,"_monsterinsights_skip_tracking":false,"_monsterinsights_sitenote_active":false,"_monsterinsights_sitenote_note":"","_monsterinsights_sitenote_category":0,"footnotes":""},"_links":{"self":[{"href":"https:\/\/www.concepto.consulting\/index.php\/wp-json\/wp\/v2\/pages\/435"}],"collection":[{"href":"https:\/\/www.concepto.consulting\/index.php\/wp-json\/wp\/v2\/pages"}],"about":[{"href":"https:\/\/www.concepto.consulting\/index.php\/wp-json\/wp\/v2\/types\/page"}],"author":[{"embeddable":true,"href":"https:\/\/www.concepto.consulting\/index.php\/wp-json\/wp\/v2\/users\/1"}],"replies":[{"embeddable":true,"href":"https:\/\/www.concepto.consulting\/index.php\/wp-json\/wp\/v2\/comments?post=435"}],"version-history":[{"count":9,"href":"https:\/\/www.concepto.consulting\/index.php\/wp-json\/wp\/v2\/pages\/435\/revisions"}],"predecessor-version":[{"id":823,"href":"https:\/\/www.concepto.consulting\/index.php\/wp-json\/wp\/v2\/pages\/435\/revisions\/823"}],"wp:attachment":[{"href":"https:\/\/www.concepto.consulting\/index.php\/wp-json\/wp\/v2\/media?parent=435"}],"curies":[{"name":"wp","href":"https:\/\/api.w.org\/{rel}","templated":true}]}}