{"id":37,"date":"2015-10-15T17:02:56","date_gmt":"2015-10-15T15:02:56","guid":{"rendered":"http:\/\/www.concepto.consulting\/?page_id=37"},"modified":"2022-10-17T23:25:34","modified_gmt":"2022-10-17T22:25:34","slug":"travaux-sans-tranchees","status":"publish","type":"page","link":"https:\/\/www.concepto.consulting\/index.php\/travaux-sans-tranchees\/?lang=fr","title":{"rendered":"Travaux Sans Tranch\u00e9es"},"content":{"rendered":"<p><\/p>\n<div class=\"jsn-bootstrap3\">\n<div id=\"orBKf3\" class=\"row \">\n<div class=\"col-md-12 col-sm-12 col-xs-12 \">\n<div class=\"jsn-bootstrap3 wr-element-container wr-element-carousel\" style=\"margin-bottom: 25px;\">\n<div id=\"carousel_M7layX\" class=\"carousel slide\" style=\"width: 800px; height: 400px; margin: 0 auto;\">\n<h4><div id=\"metaslider-id-914\" style=\"width: 100%; margin: 0 auto;\" class=\"ml-slider-3-104-0 metaslider metaslider-flex metaslider-914 ml-slider has-dots-nav has-carousel-mode ms-theme-default\" role=\"region\" aria-label=\"Travaux sans tranch\u00e9e\" data-height=\"300\" data-width=\"700\">\n    <div id=\"metaslider_container_914\">\n        <div id=\"metaslider_914\">\n            <ul class='slides'>\n                <li style=\"display: none; width: 100%;\" class=\"slide-918 ms-image \" aria-roledescription=\"slide\" data-date=\"2022-01-13 14:24:24\" data-filename=\"illuminated-lightbulb-amid-dim-bulbs-creativity-and-innovation-434x186.jpg\" data-slide-type=\"image\"><img loading=\"lazy\" decoding=\"async\" src=\"https:\/\/www.concepto.consulting\/wp-content\/uploads\/2020\/05\/illuminated-lightbulb-amid-dim-bulbs-creativity-and-innovation-434x186.jpg\" height=\"300\" width=\"700\" alt=\"sludge management\" class=\"slider-914 slide-918 msDefaultImage\" title=\"concepto- gestion des boues\" \/><div class=\"caption-wrap\"><div class=\"caption\">Changeons nos habitudes<\/div><\/div><\/li>\n                <li style=\"display: none; width: 100%;\" class=\"slide-917 ms-image \" aria-roledescription=\"slide\" data-date=\"2022-01-13 14:24:24\" data-filename=\"singap-253x108.png\" data-slide-type=\"image\"><img loading=\"lazy\" decoding=\"async\" src=\"https:\/\/www.concepto.consulting\/wp-content\/uploads\/2022\/01\/singap-253x108.png\" height=\"300\" width=\"700\" alt=\"\" class=\"slider-914 slide-917 msDefaultImage\" title=\"concepto- tirage\" \/><div class=\"caption-wrap\"><div class=\"caption\">Arr\u00eatons de massacrer les sols<\/div><\/div><\/li>\n                <li style=\"display: none; width: 100%;\" class=\"slide-916 ms-image \" aria-roledescription=\"slide\" data-date=\"2022-01-13 14:24:24\" data-filename=\"traffic-jam-700x300.jpg\" data-slide-type=\"image\"><img loading=\"lazy\" decoding=\"async\" src=\"https:\/\/www.concepto.consulting\/wp-content\/uploads\/2018\/10\/traffic-jam-700x300.jpg\" height=\"300\" width=\"700\" alt=\"\" class=\"slider-914 slide-916 msDefaultImage\" title=\"concepto-insertion\" \/><div class=\"caption-wrap\"><div class=\"caption\">Implantations complexes<\/div><\/div><\/li>\n                <li style=\"display: none; width: 100%;\" class=\"slide-915 ms-image \" aria-roledescription=\"slide\" data-date=\"2022-01-13 14:24:24\" data-filename=\"traversee-700x300.jpg\" data-slide-type=\"image\"><img loading=\"lazy\" decoding=\"async\" src=\"https:\/\/www.concepto.consulting\/wp-content\/uploads\/2018\/10\/traversee-700x300.jpg\" height=\"300\" width=\"700\" alt=\"\" class=\"slider-914 slide-915 msDefaultImage\" title=\"concepto_hdd\" \/><div class=\"caption-wrap\"><div class=\"caption\">Techniques de travers\u00e9e pour les infrastructures lin\u00e9aires<\/div><\/div><\/li>\n            <\/ul>\n        <\/div>\n        \n    <\/div>\n<\/div><\/h4>\n<h4>Contactez CONCEPT&rsquo;O pour vos questions sur<\/h4>\n<\/div>\n<\/div>\n<div class=\"jsn-bootstrap3 wr-element-container wr-element-text\">\n<div id=\"QOF1Sr\" class=\"wr_text\">\n<ul>\n<li>Faisabilit\u00e9\/ Avant -Projet \/ Co\u00fbts et d\u00e9lais<\/li>\n<li>Les conditions de march\u00e9, de type de contrat,<\/li>\n<li>Cahiers des charges et prescriptions minimums \/ Cadre R\u00e9glementaire ou Normatif<\/li>\n<li>R\u00e9sultats attendus et Garanties Exigibles<\/li>\n<li>Conditions et proc\u00e9dures de r\u00e9ceptions de travaux<\/li>\n<li>Gestion et Management du Risque<\/li>\n<li>Possibilit\u00e9s de financements compl\u00e9mentaires<\/li>\n<li>Mise en contact avec liste de prestataires (Entreprises, Fournisseurs, Bureaux d&rsquo;Etudes, &#8230; )<\/li>\n<\/ul>\n<\/div>\n\n<div id=\"QOF1Sr\" class=\"wr_text\">\n<h4>Les misions types en Assistance \u00e0 Ma\u00eetrise d&rsquo;Ouvrage sont d\u00e9finies le plus souvent par les termes suivants:<\/h4>\n<ul>\n<li>Etudes d&rsquo;opportunit\u00e9<\/li>\n<li>Etudes de faisabilit\u00e9<\/li>\n<li>Etudes prospectives<\/li>\n<li>Etudes de Pr\u00e9 Programmation<\/li>\n<\/ul>\n<\/div>\n<\/div>\n<\/div>\n<\/div>\n<p>&nbsp;<\/p>\n<div id=\"orBKf3\" class=\"row \">\n<div class=\"col-md-12 col-sm-12 col-xs-12 \">\n<div class=\"jsn-bootstrap3 wr-element-container wr-element-text\">\n<div id=\"QOF1Sr\" class=\"wr_text\">\n<h4><\/h4>\n<p>&nbsp;<\/p>\n<\/div>\n<\/div>\n<\/div>\n<\/div>\n<\/div>\n<p><\/p>","protected":false},"excerpt":{"rendered":"<p>Contactez CONCEPT&rsquo;O pour vos questions sur Faisabilit\u00e9\/ Avant -Projet \/ Co\u00fbts et d\u00e9lais Les conditions de march\u00e9, de type de contrat, Cahiers des charges et prescriptions minimums \/ Cadre R\u00e9glementaire ou Normatif R\u00e9sultats attendus et Garanties Exigibles Conditions et proc\u00e9dures de r\u00e9ceptions de travaux Gestion et Management du Risque Possibilit\u00e9s de financements compl\u00e9mentaires Mise en [&hellip;]<\/p>\n","protected":false},"author":1,"featured_media":0,"parent":0,"menu_order":1,"comment_status":"closed","ping_status":"closed","template":"","meta":{"_exactmetrics_skip_tracking":false,"_exactmetrics_sitenote_active":false,"_exactmetrics_sitenote_note":"","_exactmetrics_sitenote_category":0,"_monsterinsights_skip_tracking":false,"_monsterinsights_sitenote_active":false,"_monsterinsights_sitenote_note":"","_monsterinsights_sitenote_category":0,"footnotes":""},"_links":{"self":[{"href":"https:\/\/www.concepto.consulting\/index.php\/wp-json\/wp\/v2\/pages\/37"}],"collection":[{"href":"https:\/\/www.concepto.consulting\/index.php\/wp-json\/wp\/v2\/pages"}],"about":[{"href":"https:\/\/www.concepto.consulting\/index.php\/wp-json\/wp\/v2\/types\/page"}],"author":[{"embeddable":true,"href":"https:\/\/www.concepto.consulting\/index.php\/wp-json\/wp\/v2\/users\/1"}],"replies":[{"embeddable":true,"href":"https:\/\/www.concepto.consulting\/index.php\/wp-json\/wp\/v2\/comments?post=37"}],"version-history":[{"count":32,"href":"https:\/\/www.concepto.consulting\/index.php\/wp-json\/wp\/v2\/pages\/37\/revisions"}],"predecessor-version":[{"id":1306,"href":"https:\/\/www.concepto.consulting\/index.php\/wp-json\/wp\/v2\/pages\/37\/revisions\/1306"}],"wp:attachment":[{"href":"https:\/\/www.concepto.consulting\/index.php\/wp-json\/wp\/v2\/media?parent=37"}],"curies":[{"name":"wp","href":"https:\/\/api.w.org\/{rel}","templated":true}]}}