{"id":1579,"date":"2025-12-22T13:13:56","date_gmt":"2025-12-22T12:13:56","guid":{"rendered":"http:\/\/www.concepto.consulting\/?page_id=1579"},"modified":"2025-12-22T13:18:23","modified_gmt":"2025-12-22T12:18:23","slug":"1579-2","status":"publish","type":"page","link":"https:\/\/www.concepto.consulting\/index.php\/1579-2\/?lang=fr","title":{"rendered":"Offre \u201c\u00c9tude Expert Compl\u00e8te\u201d"},"content":{"rendered":"<p><\/p>\n<h1><strong>\u2014 Analyse approfondie (1 \u00e0 2 mois)<\/strong><\/h1>\n<h3>Objectif : fiabiliser les \u00e9tudes et r\u00e9duire les risques majeurs<\/h3>\n<p><strong>Contenu de la prestation :<\/strong><\/p>\n<ul>\n<li>Analyse d\u00e9taill\u00e9e des risques g\u00e9ologiques, hydrog\u00e9ologiques et constructifs<\/li>\n<li>Comparatif complet des m\u00e9thodes (HDD \/ microtunnel \/ hybride)<\/li>\n<li>Optimisation du trac\u00e9 et du profil<\/li>\n<li>Recommandations g\u00e9otechniques et constructives<\/li>\n<li>Note technique compl\u00e8te pour RTE, MOA, ing\u00e9nieries et autorit\u00e9s<\/li>\n<\/ul>\n<p><strong>Id\u00e9al pour :<\/strong><\/p>\n<ul>\n<li>\u00e9tudes d\u2019avant\u2011projet, dossiers r\u00e9glementaires, choix de m\u00e9thode<\/li>\n<\/ul>\n<p><\/p>","protected":false},"excerpt":{"rendered":"<p>\u2014 Analyse approfondie (1 \u00e0 2 mois) Objectif : fiabiliser les \u00e9tudes et r\u00e9duire les risques majeurs Contenu de la prestation : Analyse d\u00e9taill\u00e9e des risques g\u00e9ologiques, hydrog\u00e9ologiques et constructifs Comparatif complet des m\u00e9thodes (HDD \/ microtunnel \/ hybride) Optimisation du trac\u00e9 et du profil Recommandations g\u00e9otechniques et constructives Note technique compl\u00e8te pour RTE, MOA, [&hellip;]<\/p>\n","protected":false},"author":1,"featured_media":0,"parent":0,"menu_order":0,"comment_status":"closed","ping_status":"closed","template":"","meta":{"_exactmetrics_skip_tracking":false,"_exactmetrics_sitenote_active":false,"_exactmetrics_sitenote_note":"","_exactmetrics_sitenote_category":0,"_monsterinsights_skip_tracking":false,"_monsterinsights_sitenote_active":false,"_monsterinsights_sitenote_note":"","_monsterinsights_sitenote_category":0,"footnotes":""},"_links":{"self":[{"href":"https:\/\/www.concepto.consulting\/index.php\/wp-json\/wp\/v2\/pages\/1579"}],"collection":[{"href":"https:\/\/www.concepto.consulting\/index.php\/wp-json\/wp\/v2\/pages"}],"about":[{"href":"https:\/\/www.concepto.consulting\/index.php\/wp-json\/wp\/v2\/types\/page"}],"author":[{"embeddable":true,"href":"https:\/\/www.concepto.consulting\/index.php\/wp-json\/wp\/v2\/users\/1"}],"replies":[{"embeddable":true,"href":"https:\/\/www.concepto.consulting\/index.php\/wp-json\/wp\/v2\/comments?post=1579"}],"version-history":[{"count":2,"href":"https:\/\/www.concepto.consulting\/index.php\/wp-json\/wp\/v2\/pages\/1579\/revisions"}],"predecessor-version":[{"id":1587,"href":"https:\/\/www.concepto.consulting\/index.php\/wp-json\/wp\/v2\/pages\/1579\/revisions\/1587"}],"wp:attachment":[{"href":"https:\/\/www.concepto.consulting\/index.php\/wp-json\/wp\/v2\/media?parent=1579"}],"curies":[{"name":"wp","href":"https:\/\/api.w.org\/{rel}","templated":true}]}}